{"id":3704,"date":"2023-11-14T18:41:57","date_gmt":"2023-11-14T17:41:57","guid":{"rendered":"http:\/\/www.kstswing.cz\/?page_id=3704"},"modified":"2025-01-09T10:47:38","modified_gmt":"2025-01-09T09:47:38","slug":"galavecer-tanecniho-sportu","status":"publish","type":"page","link":"https:\/\/www.kstswing.cz\/?page_id=3704","title":{"rendered":"Galave\u010der tane\u010dn\u00edho sportu \u010cSTS 2024"},"content":{"rendered":"\n<p>Ji\u017e pot\u0159et\u00ed po\u0159\u00e1d\u00e1me Galave\u010der tane\u010dn\u00edho sportu \u010cesk\u00e9ho svazu tane\u010dn\u00edho sportu, kter\u00fd prob\u011bhne <strong>6. 1. 2024 <\/strong>od <strong>19:00 hod<\/strong>. v <strong>Dom\u011b kultury v Krom\u011b\u0159\u00ed\u017ei. <\/strong>Na t\u00e9to akci budou ocen\u011bni nejlep\u0161\u00ed tane\u010dn\u00edci za jejich \u00fasp\u011bchy v roce 2023 v \u010cR i v zahrani\u010d\u00ed.  P\u0159ed\u00e1v\u00e1n\u00ed cen bude dopln\u011bno spoustou tane\u010dn\u00edch vystoupen\u00ed.  Ve\u010derem n\u00e1s provede moder\u00e1torsk\u00e1 dvojice Roman Zach a Marek D\u011bd\u00edk. Akci bude nat\u00e1\u010det \u010cesk\u00e1 televize. Po skon\u010den\u00ed p\u0159ed\u00e1v\u00e1n\u00ed cen bude ve\u010der pokra\u010dovat volnou z\u00e1bavou s hudbou a tancem a bude otev\u0159en raut. <\/p>\n\n\n\n<p>Akce se kon\u00e1 pod z\u00e1\u0161titou m\u011bsta Krom\u011b\u0159\u00ed\u017ee a hejtmana Zl\u00ednsk\u00e9ho kraje Ing. Radima Holi\u0161e. <\/p>\n\n\n\n<p><strong>Akce se kon\u00e1 za finan\u010dn\u00ed podpory m\u011bsta Krom\u011b\u0159\u00ed\u017ee<\/strong>.<\/p>\n\n\n\n<p>Z\u00e1znam na \u010cT Sport <a href=\"https:\/\/www.ceskatelevize.cz\/porady\/10171877043-tanecni-sport\/324297371101001\/\">zde<\/a>.<\/p>\n\n\n\n<figure class=\"wp-block-image size-large\"><img loading=\"lazy\" width=\"724\" height=\"1024\" src=\"https:\/\/www.kstswing.cz\/wp-content\/uploads\/2024\/01\/plakat-pro-web-724x1024.jpg\" alt=\"\" class=\"wp-image-3977\" srcset=\"https:\/\/www.kstswing.cz\/wp-content\/uploads\/2024\/01\/plakat-pro-web-724x1024.jpg 724w, https:\/\/www.kstswing.cz\/wp-content\/uploads\/2024\/01\/plakat-pro-web-212x300.jpg 212w, https:\/\/www.kstswing.cz\/wp-content\/uploads\/2024\/01\/plakat-pro-web-768x1087.jpg 768w, https:\/\/www.kstswing.cz\/wp-content\/uploads\/2024\/01\/plakat-pro-web-42x60.jpg 42w, https:\/\/www.kstswing.cz\/wp-content\/uploads\/2024\/01\/plakat-pro-web.jpg 800w\" sizes=\"(max-width: 724px) 100vw, 724px\" \/><\/figure>\n\n\n\n<p><\/p>\n","protected":false},"excerpt":{"rendered":"<p>Ji\u017e pot\u0159et\u00ed po\u0159\u00e1d\u00e1me Galave\u010der tane\u010dn\u00edho sportu \u010cesk\u00e9ho svazu tane\u010dn\u00edho sportu, kter\u00fd prob\u011bhne 6. 1. 2024 od 19:00 hod. v Dom\u011b kultury v Krom\u011b\u0159\u00ed\u017ei. Na t\u00e9to &hellip; <\/p>\n","protected":false},"author":4,"featured_media":0,"parent":0,"menu_order":0,"comment_status":"closed","ping_status":"closed","template":"","meta":[],"_links":{"self":[{"href":"https:\/\/www.kstswing.cz\/index.php?rest_route=\/wp\/v2\/pages\/3704"}],"collection":[{"href":"https:\/\/www.kstswing.cz\/index.php?rest_route=\/wp\/v2\/pages"}],"about":[{"href":"https:\/\/www.kstswing.cz\/index.php?rest_route=\/wp\/v2\/types\/page"}],"author":[{"embeddable":true,"href":"https:\/\/www.kstswing.cz\/index.php?rest_route=\/wp\/v2\/users\/4"}],"replies":[{"embeddable":true,"href":"https:\/\/www.kstswing.cz\/index.php?rest_route=%2Fwp%2Fv2%2Fcomments&post=3704"}],"version-history":[{"count":56,"href":"https:\/\/www.kstswing.cz\/index.php?rest_route=\/wp\/v2\/pages\/3704\/revisions"}],"predecessor-version":[{"id":4128,"href":"https:\/\/www.kstswing.cz\/index.php?rest_route=\/wp\/v2\/pages\/3704\/revisions\/4128"}],"wp:attachment":[{"href":"https:\/\/www.kstswing.cz\/index.php?rest_route=%2Fwp%2Fv2%2Fmedia&parent=3704"}],"curies":[{"name":"wp","href":"https:\/\/api.w.org\/{rel}","templated":true}]}}