{"id":2814,"date":"2021-04-29T11:17:28","date_gmt":"2021-04-29T09:17:28","guid":{"rendered":"http:\/\/www.kstswing.cz\/?page_id=2814"},"modified":"2026-04-08T21:37:04","modified_gmt":"2026-04-08T19:37:04","slug":"uplynule","status":"publish","type":"page","link":"https:\/\/www.kstswing.cz\/?page_id=2814","title":{"rendered":"Uplynul\u00e9 akce"},"content":{"rendered":"\n<p class=\"has-vivid-red-color has-text-color\"><strong>Provoz a \u010dinnost organizace je finan\u010dn\u011b podporov\u00e1na m\u011bstem Krom\u011b\u0159\u00ed\u017e a Zl\u00ednsk\u00fdm krajem.<\/strong><\/p>\n\n\n\n<h4><em>Velk\u00e1 cena m\u011bsta Krom\u011b\u0159\u00ed\u017ee<\/em><\/h4>\n\n\n\n<h4><em><strong>Krom\u011b\u0159\u00ed\u017esk\u00fd mezin\u00e1rodn\u00ed tane\u010dn\u00ed festival<\/strong><\/em><\/h4>\n\n\n\n<figure class=\"wp-block-image size-large\"><img loading=\"lazy\" width=\"724\" height=\"1024\" src=\"http:\/\/www.kstswing.cz\/wp-content\/uploads\/2025\/11\/plakat-A3-KM-tan-fest-1-724x1024.jpg\" alt=\"\" class=\"wp-image-4191\" srcset=\"https:\/\/www.kstswing.cz\/wp-content\/uploads\/2025\/11\/plakat-A3-KM-tan-fest-1-724x1024.jpg 724w, https:\/\/www.kstswing.cz\/wp-content\/uploads\/2025\/11\/plakat-A3-KM-tan-fest-1-212x300.jpg 212w, https:\/\/www.kstswing.cz\/wp-content\/uploads\/2025\/11\/plakat-A3-KM-tan-fest-1-768x1086.jpg 768w, https:\/\/www.kstswing.cz\/wp-content\/uploads\/2025\/11\/plakat-A3-KM-tan-fest-1-42x60.jpg 42w, https:\/\/www.kstswing.cz\/wp-content\/uploads\/2025\/11\/plakat-A3-KM-tan-fest-1.jpg 1000w\" sizes=\"(max-width: 724px) 100vw, 724px\" \/><\/figure>\n\n\n\n<h4><\/h4>\n\n\n\n<h4>Velmi v\u00fdznamn\u00fdmi akcemi, kter\u00e9 jsme po\u0159\u00e1dali, byly <strong><em>Mistrovstv\u00ed \u010cR v 10 tanc\u00edch <\/em><\/strong>v letech <a href=\"https:\/\/www.ceskatelevize.cz\/ivysilani\/10171877043-tanec\/318297371101004-m-cr-v-10-tancich\/titulky\">2018 <\/a>a <a href=\"https:\/\/www.ceskatelevize.cz\/ivysilani\/10171877043-tanec\/\">2020<\/a>. <\/h4>\n\n\n\n<h4 class=\"has-black-color has-text-color\">Dal\u0161\u00ed presti\u017en\u00ed akc\u00ed, kterou se n\u00e1m poda\u0159ilo uspo\u0159\u00e1dat, byl<strong> <\/strong><em><a href=\"https:\/\/www.kstswing.cz\/?page_id=3704\">Galave\u010der tane\u010dn\u00edho sportu<\/a> <\/em>v roce <a href=\"https:\/\/www.ceskatelevize.cz\/porady\/11360574448-galavecer-tanecniho-sportu-2015\/?fbclid=IwAR2kAngdeyYnhzTYJ7CDImcanm7TN4FqdG4Fxl5wEHOLht2RJAuDMiAnBA0\">2015 <\/a>a v roce <a href=\"https:\/\/www.ceskatelevize.cz\/porady\/10171877043-tanecni-sport\/324297371101001\/\">2024<\/a>.  <\/h4>\n\n\n\n<figure class=\"wp-block-image size-large\"><img loading=\"lazy\" width=\"724\" height=\"1024\" src=\"http:\/\/www.kstswing.cz\/wp-content\/uploads\/2024\/01\/plakat-pro-web-724x1024.jpg\" alt=\"\" class=\"wp-image-3977\" srcset=\"https:\/\/www.kstswing.cz\/wp-content\/uploads\/2024\/01\/plakat-pro-web-724x1024.jpg 724w, https:\/\/www.kstswing.cz\/wp-content\/uploads\/2024\/01\/plakat-pro-web-212x300.jpg 212w, https:\/\/www.kstswing.cz\/wp-content\/uploads\/2024\/01\/plakat-pro-web-768x1087.jpg 768w, https:\/\/www.kstswing.cz\/wp-content\/uploads\/2024\/01\/plakat-pro-web-42x60.jpg 42w, https:\/\/www.kstswing.cz\/wp-content\/uploads\/2024\/01\/plakat-pro-web.jpg 800w\" sizes=\"(max-width: 724px) 100vw, 724px\" \/><\/figure>\n","protected":false},"excerpt":{"rendered":"<p>Provoz a \u010dinnost organizace je finan\u010dn\u011b podporov\u00e1na m\u011bstem Krom\u011b\u0159\u00ed\u017e a Zl\u00ednsk\u00fdm krajem. Velk\u00e1 cena m\u011bsta Krom\u011b\u0159\u00ed\u017ee Krom\u011b\u0159\u00ed\u017esk\u00fd mezin\u00e1rodn\u00ed tane\u010dn\u00ed festival Velmi v\u00fdznamn\u00fdmi akcemi, kter\u00e9 jsme &hellip; <\/p>\n","protected":false},"author":4,"featured_media":0,"parent":0,"menu_order":0,"comment_status":"closed","ping_status":"closed","template":"","meta":[],"_links":{"self":[{"href":"https:\/\/www.kstswing.cz\/index.php?rest_route=\/wp\/v2\/pages\/2814"}],"collection":[{"href":"https:\/\/www.kstswing.cz\/index.php?rest_route=\/wp\/v2\/pages"}],"about":[{"href":"https:\/\/www.kstswing.cz\/index.php?rest_route=\/wp\/v2\/types\/page"}],"author":[{"embeddable":true,"href":"https:\/\/www.kstswing.cz\/index.php?rest_route=\/wp\/v2\/users\/4"}],"replies":[{"embeddable":true,"href":"https:\/\/www.kstswing.cz\/index.php?rest_route=%2Fwp%2Fv2%2Fcomments&post=2814"}],"version-history":[{"count":25,"href":"https:\/\/www.kstswing.cz\/index.php?rest_route=\/wp\/v2\/pages\/2814\/revisions"}],"predecessor-version":[{"id":4219,"href":"https:\/\/www.kstswing.cz\/index.php?rest_route=\/wp\/v2\/pages\/2814\/revisions\/4219"}],"wp:attachment":[{"href":"https:\/\/www.kstswing.cz\/index.php?rest_route=%2Fwp%2Fv2%2Fmedia&parent=2814"}],"curies":[{"name":"wp","href":"https:\/\/api.w.org\/{rel}","templated":true}]}}