{"id":2512,"date":"2021-04-27T19:32:08","date_gmt":"2021-04-27T17:32:08","guid":{"rendered":"http:\/\/www.kstswing.cz\/?page_id=2512"},"modified":"2025-01-04T13:13:12","modified_gmt":"2025-01-04T12:13:12","slug":"spolecenske-tance","status":"publish","type":"page","link":"https:\/\/www.kstswing.cz\/?page_id=2512","title":{"rendered":"Pro-Am kurzy"},"content":{"rendered":"\n<figure class=\"wp-block-image size-large\"><img src=\"https:\/\/www.kstswing.cz\/wp-content\/uploads\/2025\/01\/5.-be\u030ch-PRO-AM-1024x1024.jpg\" alt=\"\" class=\"wp-image-4121\"\/><\/figure>\n\n\n\n<div class=\"wp-block-file\"><a href=\"https:\/\/www.kstswing.cz\/wp-content\/uploads\/2025\/01\/Pr\u030cihla\u0301s\u030cka-Pro-Am_5_be\u030ch.docx\">Pr\u030cihla\u0301s\u030cka-Pro-Am_5_be\u030ch<\/a><a href=\"https:\/\/www.kstswing.cz\/wp-content\/uploads\/2025\/01\/Pr\u030cihla\u0301s\u030cka-Pro-Am_5_be\u030ch.docx\" class=\"wp-block-file__button\" download>St\u00e1hnout<\/a><\/div>\n\n\n\n<p>Otev\u00edr\u00e1me nov\u00e9 Pro-Am kurzy! Chcete se nau\u010dit z\u00e1klady standardn\u00edch a latinskoamerick\u00fdch tanc\u016f pod veden\u00edm profesion\u00e1l\u016f? Nebo zdokonalit sv\u00e9 st\u00e1vaj\u00edc\u00ed tane\u010dn\u00ed dovednosti? Pot\u00e9 je Pro-Am kurz ur\u010den pr\u00e1v\u011b pro V\u00e1s. U\u017eijete si pohyb, eleganci a tanec s\u00a0profesion\u00e1ln\u00edmi tane\u010dn\u00edky ve skv\u011bl\u00e9 atmosf\u00e9\u0159e. Kurz je vhodn\u00fd pro jednotlivce (d\u00e1my i p\u00e1ny), v\u00edt\u00e1ny jsou v\u0161ak i p\u00e1ry. Kurz je otev\u0159en v\u0161em v\u011bkov\u00fdm skupin\u00e1m a v\u00fdkonnostn\u00edm \u00farovn\u00edm.<\/p>\n\n\n\n<p>Nenechte si uj\u00edt skv\u011blou p\u0159\u00edle\u017eitost objevit radost z&nbsp;tance, kter\u00e1 m\u016f\u017ee pozd\u011bji p\u0159er\u016fst i&nbsp;v&nbsp;sout\u011b\u017en\u00ed kari\u00e9ru.<\/p>\n\n\n\n<p><strong>Cena: 3490 K\u010d \/ 10 lekc\u00ed<\/strong><\/p>\n\n\n\n<p><strong>Kurzy za\u010d\u00ednaj\u00ed ve druh\u00e9m lednov\u00e9m t\u00fddnu: pond\u011bl\u00ed 13. 1. 2025 (19\u201320 a 20\u201321). P\u0159ipojit se m\u016f\u017eete i v&nbsp;pr\u016fb\u011bhu kurz\u016f (po individu\u00e1ln\u00ed domluv\u011b).<\/strong><\/p>\n","protected":false},"excerpt":{"rendered":"<p>Otev\u00edr\u00e1me nov\u00e9 Pro-Am kurzy! Chcete se nau\u010dit z\u00e1klady standardn\u00edch a latinskoamerick\u00fdch tanc\u016f pod veden\u00edm profesion\u00e1l\u016f? Nebo zdokonalit sv\u00e9 st\u00e1vaj\u00edc\u00ed tane\u010dn\u00ed dovednosti? Pot\u00e9 je Pro-Am kurz &hellip; <\/p>\n","protected":false},"author":4,"featured_media":0,"parent":0,"menu_order":0,"comment_status":"closed","ping_status":"closed","template":"","meta":[],"_links":{"self":[{"href":"https:\/\/www.kstswing.cz\/index.php?rest_route=\/wp\/v2\/pages\/2512"}],"collection":[{"href":"https:\/\/www.kstswing.cz\/index.php?rest_route=\/wp\/v2\/pages"}],"about":[{"href":"https:\/\/www.kstswing.cz\/index.php?rest_route=\/wp\/v2\/types\/page"}],"author":[{"embeddable":true,"href":"https:\/\/www.kstswing.cz\/index.php?rest_route=\/wp\/v2\/users\/4"}],"replies":[{"embeddable":true,"href":"https:\/\/www.kstswing.cz\/index.php?rest_route=%2Fwp%2Fv2%2Fcomments&post=2512"}],"version-history":[{"count":18,"href":"https:\/\/www.kstswing.cz\/index.php?rest_route=\/wp\/v2\/pages\/2512\/revisions"}],"predecessor-version":[{"id":4124,"href":"https:\/\/www.kstswing.cz\/index.php?rest_route=\/wp\/v2\/pages\/2512\/revisions\/4124"}],"wp:attachment":[{"href":"https:\/\/www.kstswing.cz\/index.php?rest_route=%2Fwp%2Fv2%2Fmedia&parent=2512"}],"curies":[{"name":"wp","href":"https:\/\/api.w.org\/{rel}","templated":true}]}}