{"id":2511,"date":"2021-04-27T19:32:08","date_gmt":"2021-04-27T17:32:08","guid":{"rendered":"http:\/\/www.kstswing.cz\/?page_id=2511"},"modified":"2025-09-02T20:29:36","modified_gmt":"2025-09-02T18:29:36","slug":"latino","status":"publish","type":"page","link":"https:\/\/www.kstswing.cz\/?page_id=2511","title":{"rendered":"LATINO pro \u017eeny"},"content":{"rendered":"\n<figure class=\"wp-block-image size-large\"><img loading=\"lazy\" width=\"710\" height=\"1024\" src=\"https:\/\/www.kstswing.cz\/wp-content\/uploads\/2025\/09\/1000017192-710x1024.jpg\" alt=\"\" class=\"wp-image-4185\" srcset=\"https:\/\/www.kstswing.cz\/wp-content\/uploads\/2025\/09\/1000017192-710x1024.jpg 710w, https:\/\/www.kstswing.cz\/wp-content\/uploads\/2025\/09\/1000017192-208x300.jpg 208w, https:\/\/www.kstswing.cz\/wp-content\/uploads\/2025\/09\/1000017192-768x1108.jpg 768w, https:\/\/www.kstswing.cz\/wp-content\/uploads\/2025\/09\/1000017192-1065x1536.jpg 1065w, https:\/\/www.kstswing.cz\/wp-content\/uploads\/2025\/09\/1000017192-1420x2048.jpg 1420w, https:\/\/www.kstswing.cz\/wp-content\/uploads\/2025\/09\/1000017192-42x60.jpg 42w, https:\/\/www.kstswing.cz\/wp-content\/uploads\/2025\/09\/1000017192-scaled.jpg 1775w\" sizes=\"(max-width: 710px) 100vw, 710px\" \/><\/figure>\n\n\n\n<p>P\u0159ihl\u00e1\u0161ky pos\u00edlejte na radim.pradka@seznam.cz<\/p>\n","protected":false},"excerpt":{"rendered":"<p>P\u0159ihl\u00e1\u0161ky pos\u00edlejte na radim.pradka@seznam.cz<\/p>\n","protected":false},"author":4,"featured_media":0,"parent":0,"menu_order":0,"comment_status":"closed","ping_status":"closed","template":"","meta":[],"_links":{"self":[{"href":"https:\/\/www.kstswing.cz\/index.php?rest_route=\/wp\/v2\/pages\/2511"}],"collection":[{"href":"https:\/\/www.kstswing.cz\/index.php?rest_route=\/wp\/v2\/pages"}],"about":[{"href":"https:\/\/www.kstswing.cz\/index.php?rest_route=\/wp\/v2\/types\/page"}],"author":[{"embeddable":true,"href":"https:\/\/www.kstswing.cz\/index.php?rest_route=\/wp\/v2\/users\/4"}],"replies":[{"embeddable":true,"href":"https:\/\/www.kstswing.cz\/index.php?rest_route=%2Fwp%2Fv2%2Fcomments&post=2511"}],"version-history":[{"count":29,"href":"https:\/\/www.kstswing.cz\/index.php?rest_route=\/wp\/v2\/pages\/2511\/revisions"}],"predecessor-version":[{"id":4186,"href":"https:\/\/www.kstswing.cz\/index.php?rest_route=\/wp\/v2\/pages\/2511\/revisions\/4186"}],"wp:attachment":[{"href":"https:\/\/www.kstswing.cz\/index.php?rest_route=%2Fwp%2Fv2%2Fmedia&parent=2511"}],"curies":[{"name":"wp","href":"https:\/\/api.w.org\/{rel}","templated":true}]}}