{"id":2509,"date":"2021-04-27T19:32:08","date_gmt":"2021-04-27T17:32:08","guid":{"rendered":"http:\/\/www.kstswing.cz\/?page_id=2509"},"modified":"2026-01-22T11:53:40","modified_gmt":"2026-01-22T10:53:40","slug":"soustredeni","status":"publish","type":"page","link":"https:\/\/www.kstswing.cz\/?page_id=2509","title":{"rendered":"Soust\u0159ed\u011bn\u00ed"},"content":{"rendered":"\n<p><strong>Champion Latin Dance Camp 20.2.-22.2.2026<\/strong><\/p>\n\n\n\n<figure class=\"wp-block-image size-large\"><img loading=\"lazy\" width=\"813\" height=\"1024\" src=\"https:\/\/www.kstswing.cz\/wp-content\/uploads\/2026\/01\/1000044023-813x1024.jpg\" alt=\"\" class=\"wp-image-4201\" srcset=\"https:\/\/www.kstswing.cz\/wp-content\/uploads\/2026\/01\/1000044023-813x1024.jpg 813w, https:\/\/www.kstswing.cz\/wp-content\/uploads\/2026\/01\/1000044023-238x300.jpg 238w, https:\/\/www.kstswing.cz\/wp-content\/uploads\/2026\/01\/1000044023-768x967.jpg 768w, https:\/\/www.kstswing.cz\/wp-content\/uploads\/2026\/01\/1000044023-1220x1536.jpg 1220w, https:\/\/www.kstswing.cz\/wp-content\/uploads\/2026\/01\/1000044023-1626x2048.jpg 1626w, https:\/\/www.kstswing.cz\/wp-content\/uploads\/2026\/01\/1000044023-48x60.jpg 48w, https:\/\/www.kstswing.cz\/wp-content\/uploads\/2026\/01\/1000044023-scaled.jpg 2033w\" sizes=\"(max-width: 813px) 100vw, 813px\" \/><\/figure>\n\n\n\n<div class=\"wp-block-file\"><a href=\"https:\/\/www.kstswing.cz\/wp-content\/uploads\/2026\/01\/Champion-camp-2026.doc\">Propozice <\/a><a href=\"https:\/\/www.kstswing.cz\/wp-content\/uploads\/2026\/01\/Champion-camp-2026.doc\" class=\"wp-block-file__button\" download>St\u00e1hnout<\/a><\/div>\n\n\n\n<div class=\"wp-block-file\"><a href=\"https:\/\/www.kstswing.cz\/wp-content\/uploads\/2026\/01\/prihlaska_soustredeni_Champion-Latin-camp-2026.doc\">P\u0159ihl\u00e1\u0161ka <\/a><a href=\"https:\/\/www.kstswing.cz\/wp-content\/uploads\/2026\/01\/prihlaska_soustredeni_Champion-Latin-camp-2026.doc\" class=\"wp-block-file__button\" download>St\u00e1hnout<\/a><\/div>\n\n\n\n<p><\/p>\n\n\n\n<figure class=\"wp-block-gallery columns-3 is-cropped\"><ul class=\"blocks-gallery-grid\"><li class=\"blocks-gallery-item\"><figure><img loading=\"lazy\" width=\"957\" height=\"630\" src=\"https:\/\/www.kstswing.cz\/wp-content\/uploads\/2021\/05\/104260231_923798224712953_1421724323269543166_n.jpg\" alt=\"\" data-id=\"2956\" data-link=\"https:\/\/www.kstswing.cz\/?attachment_id=2956\" class=\"wp-image-2956\" srcset=\"https:\/\/www.kstswing.cz\/wp-content\/uploads\/2021\/05\/104260231_923798224712953_1421724323269543166_n.jpg 957w, https:\/\/www.kstswing.cz\/wp-content\/uploads\/2021\/05\/104260231_923798224712953_1421724323269543166_n-300x197.jpg 300w, https:\/\/www.kstswing.cz\/wp-content\/uploads\/2021\/05\/104260231_923798224712953_1421724323269543166_n-768x506.jpg 768w, https:\/\/www.kstswing.cz\/wp-content\/uploads\/2021\/05\/104260231_923798224712953_1421724323269543166_n-91x60.jpg 91w\" sizes=\"(max-width: 957px) 100vw, 957px\" \/><\/figure><\/li><li class=\"blocks-gallery-item\"><figure><img loading=\"lazy\" width=\"1024\" height=\"768\" src=\"https:\/\/www.kstswing.cz\/wp-content\/uploads\/2021\/05\/soustredeni-10-T-2020-1024x768.jpg\" alt=\"\" data-id=\"2957\" data-link=\"https:\/\/www.kstswing.cz\/?attachment_id=2957\" class=\"wp-image-2957\" srcset=\"https:\/\/www.kstswing.cz\/wp-content\/uploads\/2021\/05\/soustredeni-10-T-2020-1024x768.jpg 1024w, https:\/\/www.kstswing.cz\/wp-content\/uploads\/2021\/05\/soustredeni-10-T-2020-300x225.jpg 300w, https:\/\/www.kstswing.cz\/wp-content\/uploads\/2021\/05\/soustredeni-10-T-2020-768x576.jpg 768w, https:\/\/www.kstswing.cz\/wp-content\/uploads\/2021\/05\/soustredeni-10-T-2020-80x60.jpg 80w, https:\/\/www.kstswing.cz\/wp-content\/uploads\/2021\/05\/soustredeni-10-T-2020.jpg 1440w\" sizes=\"(max-width: 1024px) 100vw, 1024px\" \/><\/figure><\/li><li class=\"blocks-gallery-item\"><figure><img loading=\"lazy\" width=\"789\" height=\"526\" src=\"https:\/\/www.kstswing.cz\/wp-content\/uploads\/2021\/08\/240121411_2033941306760676_3225577880073390730_n.jpg\" alt=\"\" data-id=\"3119\" data-link=\"https:\/\/www.kstswing.cz\/?attachment_id=3119\" class=\"wp-image-3119\" srcset=\"https:\/\/www.kstswing.cz\/wp-content\/uploads\/2021\/08\/240121411_2033941306760676_3225577880073390730_n.jpg 789w, https:\/\/www.kstswing.cz\/wp-content\/uploads\/2021\/08\/240121411_2033941306760676_3225577880073390730_n-300x200.jpg 300w, https:\/\/www.kstswing.cz\/wp-content\/uploads\/2021\/08\/240121411_2033941306760676_3225577880073390730_n-768x512.jpg 768w, https:\/\/www.kstswing.cz\/wp-content\/uploads\/2021\/08\/240121411_2033941306760676_3225577880073390730_n-90x60.jpg 90w, https:\/\/www.kstswing.cz\/wp-content\/uploads\/2021\/08\/240121411_2033941306760676_3225577880073390730_n-420x280.jpg 420w\" sizes=\"(max-width: 789px) 100vw, 789px\" \/><\/figure><\/li><li class=\"blocks-gallery-item\"><figure><img loading=\"lazy\" width=\"960\" height=\"720\" src=\"https:\/\/www.kstswing.cz\/wp-content\/uploads\/2021\/08\/240390653_2033941340094006_7624401497291809972_n.jpg\" alt=\"\" data-id=\"3120\" data-link=\"https:\/\/www.kstswing.cz\/?attachment_id=3120\" class=\"wp-image-3120\" srcset=\"https:\/\/www.kstswing.cz\/wp-content\/uploads\/2021\/08\/240390653_2033941340094006_7624401497291809972_n.jpg 960w, https:\/\/www.kstswing.cz\/wp-content\/uploads\/2021\/08\/240390653_2033941340094006_7624401497291809972_n-300x225.jpg 300w, https:\/\/www.kstswing.cz\/wp-content\/uploads\/2021\/08\/240390653_2033941340094006_7624401497291809972_n-768x576.jpg 768w, https:\/\/www.kstswing.cz\/wp-content\/uploads\/2021\/08\/240390653_2033941340094006_7624401497291809972_n-80x60.jpg 80w\" sizes=\"(max-width: 960px) 100vw, 960px\" \/><\/figure><\/li><li class=\"blocks-gallery-item\"><figure><img loading=\"lazy\" width=\"1024\" height=\"611\" src=\"https:\/\/www.kstswing.cz\/wp-content\/uploads\/2021\/09\/240425708_2041788185975988_4661996696298715628_n-1024x611.jpg\" alt=\"\" data-id=\"3151\" data-full-url=\"https:\/\/www.kstswing.cz\/wp-content\/uploads\/2021\/09\/240425708_2041788185975988_4661996696298715628_n.jpg\" data-link=\"https:\/\/www.kstswing.cz\/?attachment_id=3151\" class=\"wp-image-3151\" srcset=\"https:\/\/www.kstswing.cz\/wp-content\/uploads\/2021\/09\/240425708_2041788185975988_4661996696298715628_n-1024x611.jpg 1024w, https:\/\/www.kstswing.cz\/wp-content\/uploads\/2021\/09\/240425708_2041788185975988_4661996696298715628_n-300x179.jpg 300w, https:\/\/www.kstswing.cz\/wp-content\/uploads\/2021\/09\/240425708_2041788185975988_4661996696298715628_n-768x458.jpg 768w, https:\/\/www.kstswing.cz\/wp-content\/uploads\/2021\/09\/240425708_2041788185975988_4661996696298715628_n-101x60.jpg 101w, https:\/\/www.kstswing.cz\/wp-content\/uploads\/2021\/09\/240425708_2041788185975988_4661996696298715628_n.jpg 1440w\" sizes=\"(max-width: 1024px) 100vw, 1024px\" \/><\/figure><\/li><li class=\"blocks-gallery-item\"><figure><img loading=\"lazy\" width=\"975\" height=\"816\" src=\"https:\/\/www.kstswing.cz\/wp-content\/uploads\/2021\/09\/240602400_2043433559144784_2370608186997836311_n.jpg\" alt=\"\" data-id=\"3152\" data-full-url=\"https:\/\/www.kstswing.cz\/wp-content\/uploads\/2021\/09\/240602400_2043433559144784_2370608186997836311_n.jpg\" data-link=\"https:\/\/www.kstswing.cz\/?attachment_id=3152\" class=\"wp-image-3152\" srcset=\"https:\/\/www.kstswing.cz\/wp-content\/uploads\/2021\/09\/240602400_2043433559144784_2370608186997836311_n.jpg 975w, https:\/\/www.kstswing.cz\/wp-content\/uploads\/2021\/09\/240602400_2043433559144784_2370608186997836311_n-300x251.jpg 300w, https:\/\/www.kstswing.cz\/wp-content\/uploads\/2021\/09\/240602400_2043433559144784_2370608186997836311_n-768x643.jpg 768w, https:\/\/www.kstswing.cz\/wp-content\/uploads\/2021\/09\/240602400_2043433559144784_2370608186997836311_n-72x60.jpg 72w\" sizes=\"(max-width: 975px) 100vw, 975px\" \/><\/figure><\/li><\/ul><\/figure>\n","protected":false},"excerpt":{"rendered":"<p>Champion Latin Dance Camp 20.2.-22.2.2026<\/p>\n","protected":false},"author":4,"featured_media":0,"parent":0,"menu_order":0,"comment_status":"closed","ping_status":"closed","template":"","meta":[],"_links":{"self":[{"href":"https:\/\/www.kstswing.cz\/index.php?rest_route=\/wp\/v2\/pages\/2509"}],"collection":[{"href":"https:\/\/www.kstswing.cz\/index.php?rest_route=\/wp\/v2\/pages"}],"about":[{"href":"https:\/\/www.kstswing.cz\/index.php?rest_route=\/wp\/v2\/types\/page"}],"author":[{"embeddable":true,"href":"https:\/\/www.kstswing.cz\/index.php?rest_route=\/wp\/v2\/users\/4"}],"replies":[{"embeddable":true,"href":"https:\/\/www.kstswing.cz\/index.php?rest_route=%2Fwp%2Fv2%2Fcomments&post=2509"}],"version-history":[{"count":69,"href":"https:\/\/www.kstswing.cz\/index.php?rest_route=\/wp\/v2\/pages\/2509\/revisions"}],"predecessor-version":[{"id":4204,"href":"https:\/\/www.kstswing.cz\/index.php?rest_route=\/wp\/v2\/pages\/2509\/revisions\/4204"}],"wp:attachment":[{"href":"https:\/\/www.kstswing.cz\/index.php?rest_route=%2Fwp%2Fv2%2Fmedia&parent=2509"}],"curies":[{"name":"wp","href":"https:\/\/api.w.org\/{rel}","templated":true}]}}