{"id":2484,"date":"2021-04-27T12:13:23","date_gmt":"2021-04-27T10:13:23","guid":{"rendered":"http:\/\/www.kstswing.cz\/?page_id=2484"},"modified":"2026-04-18T20:24:44","modified_gmt":"2026-04-18T18:24:44","slug":"home","status":"publish","type":"page","link":"https:\/\/www.kstswing.cz\/","title":{"rendered":"V\u00edtejte na str\u00e1nk\u00e1ch Klubu sportovn\u00edho tance Swing Krom\u011b\u0159\u00ed\u017e"},"content":{"rendered":"\n<div class=\"wp-block-media-text alignwide is-stacked-on-mobile\"><figure class=\"wp-block-media-text__media\"><img loading=\"lazy\" width=\"960\" height=\"960\" src=\"http:\/\/www.kstswing.cz\/wp-content\/uploads\/2021\/04\/45667873_1188144601340355_7285059257584582656_n-3.jpg\" alt=\"\" class=\"wp-image-2767\" srcset=\"https:\/\/www.kstswing.cz\/wp-content\/uploads\/2021\/04\/45667873_1188144601340355_7285059257584582656_n-3.jpg 960w, https:\/\/www.kstswing.cz\/wp-content\/uploads\/2021\/04\/45667873_1188144601340355_7285059257584582656_n-3-300x300.jpg 300w, https:\/\/www.kstswing.cz\/wp-content\/uploads\/2021\/04\/45667873_1188144601340355_7285059257584582656_n-3-150x150.jpg 150w, https:\/\/www.kstswing.cz\/wp-content\/uploads\/2021\/04\/45667873_1188144601340355_7285059257584582656_n-3-768x768.jpg 768w, https:\/\/www.kstswing.cz\/wp-content\/uploads\/2021\/04\/45667873_1188144601340355_7285059257584582656_n-3-60x60.jpg 60w\" sizes=\"(max-width: 960px) 100vw, 960px\" \/><\/figure><div class=\"wp-block-media-text__content\">\n<p>Klub sportovn\u00edho tance Swing Krom\u011b\u0159\u00ed\u017e m\u00e1 v\u00edce ne\u017e <strong>pades\u00e1tiletou tradici <\/strong>a pat\u0159\u00ed k jednomu z nejstar\u0161\u00edch klub\u016f v&nbsp;\u010cesk\u00e9 republice. <\/p>\n\n\n\n<p>KST Swing je <strong>po\u0159adatelem v\u00fdznamn\u00fdch sportovn\u00edch akc\u00ed,<\/strong> jako je <a href=\"https:\/\/www.kstswing.cz\/?page_id=2510\">Krom\u011b\u0159\u00ed\u017esk\u00fd mezin\u00e1rodn\u00ed tane\u010dn\u00ed festival,<\/a> Velk\u00e1 cena m\u011bsta Krom\u011b\u0159\u00ed\u017ee, <a href=\"https:\/\/www.kstswing.cz\/?page_id=3704\">Galave\u010der tane\u010dn\u00edho sportu<\/a> a Mistrovstv\u00ed \u010cR v 10 tanc\u00edch.<\/p>\n<\/div><\/div>\n\n\n\n<figure class=\"wp-block-image size-large\"><img loading=\"lazy\" width=\"724\" height=\"1024\" src=\"http:\/\/www.kstswing.cz\/wp-content\/uploads\/2026\/04\/1000057274-724x1024.jpg\" alt=\"\" class=\"wp-image-4213\" srcset=\"https:\/\/www.kstswing.cz\/wp-content\/uploads\/2026\/04\/1000057274-724x1024.jpg 724w, https:\/\/www.kstswing.cz\/wp-content\/uploads\/2026\/04\/1000057274-212x300.jpg 212w, https:\/\/www.kstswing.cz\/wp-content\/uploads\/2026\/04\/1000057274-768x1087.jpg 768w, https:\/\/www.kstswing.cz\/wp-content\/uploads\/2026\/04\/1000057274-42x60.jpg 42w, https:\/\/www.kstswing.cz\/wp-content\/uploads\/2026\/04\/1000057274.jpg 1000w\" sizes=\"(max-width: 724px) 100vw, 724px\" \/><\/figure>\n\n\n\n<figure class=\"wp-block-image size-large\"><img loading=\"lazy\" width=\"720\" height=\"1024\" src=\"http:\/\/www.kstswing.cz\/wp-content\/uploads\/2026\/04\/Collage_2026-04-10_21_29_09-720x1024.jpg\" alt=\"\" class=\"wp-image-4220\" srcset=\"https:\/\/www.kstswing.cz\/wp-content\/uploads\/2026\/04\/Collage_2026-04-10_21_29_09-720x1024.jpg 720w, https:\/\/www.kstswing.cz\/wp-content\/uploads\/2026\/04\/Collage_2026-04-10_21_29_09-211x300.jpg 211w, https:\/\/www.kstswing.cz\/wp-content\/uploads\/2026\/04\/Collage_2026-04-10_21_29_09-768x1092.jpg 768w, https:\/\/www.kstswing.cz\/wp-content\/uploads\/2026\/04\/Collage_2026-04-10_21_29_09-1080x1536.jpg 1080w, https:\/\/www.kstswing.cz\/wp-content\/uploads\/2026\/04\/Collage_2026-04-10_21_29_09-1440x2048.jpg 1440w, https:\/\/www.kstswing.cz\/wp-content\/uploads\/2026\/04\/Collage_2026-04-10_21_29_09-42x60.jpg 42w, https:\/\/www.kstswing.cz\/wp-content\/uploads\/2026\/04\/Collage_2026-04-10_21_29_09-scaled.jpg 1800w\" sizes=\"(max-width: 720px) 100vw, 720px\" \/><\/figure>\n\n\n\n<div class=\"wp-block-file\"><a href=\"http:\/\/www.kstswing.cz\/wp-content\/uploads\/2024\/01\/prihlaska-KST-Swing-Kromeriz.pdf\">P\u0159ihl\u00e1\u0161ka do klubu<\/a><a href=\"http:\/\/www.kstswing.cz\/wp-content\/uploads\/2024\/01\/prihlaska-KST-Swing-Kromeriz.pdf\" class=\"wp-block-file__button\" download>St\u00e1hnout<\/a><\/div>\n\n\n\n<p>Klub je rozd\u011blen do n\u011bkolika sekc\u00ed: <strong>baby klub <\/strong>(d\u011bti od 4 do 6 let) \u2013 zam\u011b\u0159uje se na rytmiku, tane\u010dn\u00ed hry, z\u00e1kladn\u00ed pohybov\u00e9 aktivity; <strong>junior klub<\/strong> (d\u011bti od 7 do 18 let) \u2013 zam\u011b\u0159uje se na sout\u011b\u017en\u00ed p\u0159\u00edpravu a p\u0159\u00edpravu ml\u00e1de\u017en\u00edk\u016f pro vrcholov\u00fd sport; <strong>senior klub<\/strong> (od 18 do 60 let) \u2013 zam\u011b\u0159uje se na sout\u011b\u017en\u00ed p\u0159\u00edpravu. Prioritou klubu je pr\u00e1ce s d\u011btmi, juniory a ml\u00e1de\u017e\u00ed, a nejen jejich v\u00fdkonnostn\u00ed r\u016fst, ale i vypln\u011bn\u00ed volno\u010dasov\u00fdch aktivit sportem. <\/p>\n\n\n\n<p>Klub m\u00e1 spoustu&nbsp;<strong>\u00fasp\u011b\u0161n\u00fdch tane\u010dn\u00edch p\u00e1r\u016f, kter\u00e9 pat\u0159\u00ed k reprezentaci&nbsp;<a href=\"https:\/\/www.csts.cz\/\">\u010cesk\u00e9ho svazu tane\u010dn\u00edho sportu&nbsp;<\/a><\/strong>a pravideln\u011b se umis\u0165uj\u00ed na p\u0159edn\u00edch m\u00edstech \u010desk\u00fdch i mezin\u00e1rodn\u00edch titul\u00e1rn\u00edch sout\u011b\u017e\u00ed. V roce 2019 jsme m\u011bli semifinalistu \u010cR v&nbsp;latinskoamerick\u00fdch, standartn\u00edch a v deseti tanc\u00edch v&nbsp;kategorii Junior I. Na mistrovstv\u00ed \u010cR dru\u017estev junior\u016f v roce 2019 n\u00e1\u0161 klub obsadil fin\u00e1lov\u00e9 5.misto v&nbsp;latinskoamerick\u00fdch tanc\u00edch a takt\u00e9\u017e fin\u00e1lov\u00e9 6.m\u00edsto v&nbsp;tanc\u00edch standardn\u00edch. V roce 2020 byl n\u00e1\u0161 p\u00e1r ve fin\u00e1le v\u0161ech n\u00e1rodn\u00edch Mistrovstv\u00ed v kat. Jun. I (5. m\u00edsto LAT, 2. m\u00edst STT, 3. m\u00edsto 10T). V roce 2025 obsadil n\u00e1\u0161 tane\u010dn\u00ed p\u00e1r 2.  m\u00edsto na Mistrovstv\u00ed \u010cR v LAT 2. m\u00edsto a ve STT 3. m\u00edsto v kat. Jun I, a dal\u0161\u00ed tane\u010dn\u00ed p\u00e1r z\u00edskal v kat. D\u011bti na M\u010cR ve STT 4. m\u00edsto. <\/p>\n\n\n\n<p>Ka\u017edoro\u010dn\u011b po\u0159\u00e1d\u00e1me&nbsp;<strong><a href=\"https:\/\/www.kstswing.cz\/?page_id=2508\">d\u011btsk\u00fd p\u0159\u00edm\u011bstsk\u00fd t\u00e1bor<\/a><\/strong>&nbsp;a mnoho tane\u010dn\u00edch&nbsp;<strong><a href=\"https:\/\/www.kstswing.cz\/?page_id=2509\">soust\u0159ed\u011bn\u00ed&nbsp;<\/a><\/strong>(d\u011btsk\u00e9 p\u0159\u00edm\u011bstsk\u00e9 soust\u0159ed\u011bn\u00ed, soust\u0159ed\u011bn\u00ed kombinace 10 tanc\u016f, Latin Dance Camp, Latin Camp se Zoranem Plohlem, Czech Dance Champion Camp, Christmas Latin Camp). V\u00edce informac\u00ed a p\u0159ihl\u00e1\u0161ky naleznete v sekci&nbsp;<a href=\"https:\/\/www.kstswing.cz\/?page_id=2424\">AKCE<\/a>.<\/p>\n\n\n\n<p>Po\u0159\u00e1d\u00e1me tak\u00e9 r\u016fzn\u00e9 <a href=\"https:\/\/www.kstswing.cz\/?page_id=2505\">kurzy pro ve\u0159ejnost<\/a>, jako <a href=\"https:\/\/www.kstswing.cz\/?page_id=2511\">LATINO pro \u017eeny<\/a>, <a href=\"https:\/\/www.kstswing.cz\/?page_id=2512\">PRO-AM Kurzy<\/a> \u010di <a href=\"https:\/\/www.kstswing.cz\/?page_id=3576\">tane\u010dn\u00ed workshopy.<\/a> Nev\u00e1hejte se k n\u00e1m p\u0159idat!!!<\/p>\n","protected":false},"excerpt":{"rendered":"<p>Klub sportovn\u00edho tance Swing Krom\u011b\u0159\u00ed\u017e m\u00e1 v\u00edce ne\u017e pades\u00e1tiletou tradici a pat\u0159\u00ed k jednomu z nejstar\u0161\u00edch klub\u016f v&nbsp;\u010cesk\u00e9 republice. KST Swing je po\u0159adatelem v\u00fdznamn\u00fdch sportovn\u00edch &hellip; <\/p>\n","protected":false},"author":1,"featured_media":0,"parent":0,"menu_order":0,"comment_status":"closed","ping_status":"closed","template":"","meta":[],"_links":{"self":[{"href":"https:\/\/www.kstswing.cz\/index.php?rest_route=\/wp\/v2\/pages\/2484"}],"collection":[{"href":"https:\/\/www.kstswing.cz\/index.php?rest_route=\/wp\/v2\/pages"}],"about":[{"href":"https:\/\/www.kstswing.cz\/index.php?rest_route=\/wp\/v2\/types\/page"}],"author":[{"embeddable":true,"href":"https:\/\/www.kstswing.cz\/index.php?rest_route=\/wp\/v2\/users\/1"}],"replies":[{"embeddable":true,"href":"https:\/\/www.kstswing.cz\/index.php?rest_route=%2Fwp%2Fv2%2Fcomments&post=2484"}],"version-history":[{"count":52,"href":"https:\/\/www.kstswing.cz\/index.php?rest_route=\/wp\/v2\/pages\/2484\/revisions"}],"predecessor-version":[{"id":4224,"href":"https:\/\/www.kstswing.cz\/index.php?rest_route=\/wp\/v2\/pages\/2484\/revisions\/4224"}],"wp:attachment":[{"href":"https:\/\/www.kstswing.cz\/index.php?rest_route=%2Fwp%2Fv2%2Fmedia&parent=2484"}],"curies":[{"name":"wp","href":"https:\/\/api.w.org\/{rel}","templated":true}]}}