{"id":2424,"date":"2020-12-16T21:22:00","date_gmt":"2020-12-16T20:22:00","guid":{"rendered":"http:\/\/www.kstswing.cz\/?page_id=2424"},"modified":"2026-04-08T21:34:44","modified_gmt":"2026-04-08T19:34:44","slug":"sal-pronajem","status":"publish","type":"page","link":"https:\/\/www.kstswing.cz\/?page_id=2424","title":{"rendered":"Akce"},"content":{"rendered":"\n<h5>Zde naleznete informace o nadch\u00e1zej\u00edc\u00edch <a href=\"https:\/\/www.kstswing.cz\/?page_id=2508\">t\u00e1borech<\/a>, <a href=\"https:\/\/www.kstswing.cz\/?page_id=2509\">soust\u0159ed\u011bn\u00edch<\/a>, <a href=\"https:\/\/www.kstswing.cz\/?page_id=2510\">tane\u010dn\u00edch sout\u011b\u017e\u00edch<\/a> a dal\u0161\u00edch akc\u00edch (<a href=\"https:\/\/www.kstswing.cz\/?page_id=2872\">akademie<\/a>, <a href=\"https:\/\/www.kstswing.cz\/?page_id=3271\">Halloween party<\/a> &#8230;) , kter\u00e9 budeme po\u0159\u00e1dat.<\/h5>\n\n\n\n<figure class=\"wp-block-image size-large\"><img loading=\"lazy\" width=\"724\" height=\"1024\" src=\"http:\/\/www.kstswing.cz\/wp-content\/uploads\/2026\/04\/1000057274-724x1024.jpg\" alt=\"\" class=\"wp-image-4213\" srcset=\"https:\/\/www.kstswing.cz\/wp-content\/uploads\/2026\/04\/1000057274-724x1024.jpg 724w, https:\/\/www.kstswing.cz\/wp-content\/uploads\/2026\/04\/1000057274-212x300.jpg 212w, https:\/\/www.kstswing.cz\/wp-content\/uploads\/2026\/04\/1000057274-768x1087.jpg 768w, https:\/\/www.kstswing.cz\/wp-content\/uploads\/2026\/04\/1000057274-42x60.jpg 42w, https:\/\/www.kstswing.cz\/wp-content\/uploads\/2026\/04\/1000057274.jpg 1000w\" sizes=\"(max-width: 724px) 100vw, 724px\" \/><\/figure>\n","protected":false},"excerpt":{"rendered":"<p>Zde naleznete informace o nadch\u00e1zej\u00edc\u00edch t\u00e1borech, soust\u0159ed\u011bn\u00edch, tane\u010dn\u00edch sout\u011b\u017e\u00edch a dal\u0161\u00edch akc\u00edch (akademie, Halloween party &#8230;) , kter\u00e9 budeme po\u0159\u00e1dat.<\/p>\n","protected":false},"author":3,"featured_media":0,"parent":0,"menu_order":0,"comment_status":"closed","ping_status":"closed","template":"","meta":[],"_links":{"self":[{"href":"https:\/\/www.kstswing.cz\/index.php?rest_route=\/wp\/v2\/pages\/2424"}],"collection":[{"href":"https:\/\/www.kstswing.cz\/index.php?rest_route=\/wp\/v2\/pages"}],"about":[{"href":"https:\/\/www.kstswing.cz\/index.php?rest_route=\/wp\/v2\/types\/page"}],"author":[{"embeddable":true,"href":"https:\/\/www.kstswing.cz\/index.php?rest_route=\/wp\/v2\/users\/3"}],"replies":[{"embeddable":true,"href":"https:\/\/www.kstswing.cz\/index.php?rest_route=%2Fwp%2Fv2%2Fcomments&post=2424"}],"version-history":[{"count":25,"href":"https:\/\/www.kstswing.cz\/index.php?rest_route=\/wp\/v2\/pages\/2424\/revisions"}],"predecessor-version":[{"id":4215,"href":"https:\/\/www.kstswing.cz\/index.php?rest_route=\/wp\/v2\/pages\/2424\/revisions\/4215"}],"wp:attachment":[{"href":"https:\/\/www.kstswing.cz\/index.php?rest_route=%2Fwp%2Fv2%2Fmedia&parent=2424"}],"curies":[{"name":"wp","href":"https:\/\/api.w.org\/{rel}","templated":true}]}}