{"id":2,"date":"2014-03-16T19:12:17","date_gmt":"2014-03-16T18:12:17","guid":{"rendered":"http:\/\/www.kstswing.cz\/?page_id=2"},"modified":"2026-02-05T20:31:48","modified_gmt":"2026-02-05T19:31:48","slug":"kontakt","status":"publish","type":"page","link":"https:\/\/www.kstswing.cz\/?page_id=2","title":{"rendered":"Kontakty"},"content":{"rendered":"<table style=\"height: 1093px;\" width=\"914\">\n<tbody>\n<tr>\n<td>\n<p><span style=\"color: #ff0000;\"><strong>Klub sportovn\u00edho tance Swing Krom\u011b\u0159\u00ed\u017e, z.s.<\/strong><\/span><\/p>\n<p>s\u00eddlo: P\u0159\u00ed\u010dn\u00e1 151, Krom\u011b\u0159\u00ed\u017e, 767 01<br \/>I\u010c: 22850571<br \/>Tel.: 777 091 734, 777 091 735<\/p>\n<p>ID DS: vj3p5j5<\/p>\n<p style=\"margin: 0cm;\"><span style=\"color: #ff0000;\"><strong>Tane\u010dn\u00ed studio ORLOVNA<\/strong><\/span><\/p>\n<p style=\"margin: 0cm;\">Na Sladovn\u00e1ch 1491\/4, Krom\u011b\u0159\u00ed\u017e, 767 01<\/p>\n<p style=\"margin: 0cm;\"><span style=\"color: #000000;\"><a style=\"color: #000000;\" href=\"mailto:tanecnistudioorlovna@seznam.cz\">tanecnistudioorlovna@seznam.cz<\/a><\/span><\/p>\n<p style=\"margin: 0cm;\">\u00a0<\/p>\n<\/td>\n<td>\n<p><strong>\u010d\u00edslo \u00fa\u010dtu: <em>2200453249\/2010<\/em><\/strong><br \/>variabiln\u00ed symbol: <em>rodn\u00e9 \u010d\u00edslo \u010dlena (bez lom\u00edtka)<\/em><br \/>pozn\u00e1mka: <em>cel\u00e9 jm\u00e9no \u010dlena klubu a \u00fa\u010del platby<\/em><\/p>\n<p style=\"margin: 0cm;\">\u00a0<\/p>\n<\/td>\n<\/tr>\n<tr>\n<td><strong><img loading=\"lazy\" class=\" wp-image-182 alignleft\" src=\"http:\/\/www.kstswing.cz\/wp-content\/uploads\/2014\/03\/kk.jpg\" alt=\"\" width=\"119\" height=\"159\" \/><span style=\"color: #000000;\">Kate\u0159ina Kolmanov\u00e1<\/span><\/strong><br \/><span style=\"color: #000000;\">P\u0159edseda KST Swing Krom\u011b\u0159\u00ed\u017e<\/span><br \/><span style=\"color: #000000;\"><a style=\"color: #000000;\" href=\"mailto:katerina.kolmanova@kstswing.cz\">katerinakolmanova@seznam.cz<\/a><\/span><\/td>\n<td>\u00a0<\/td>\n<\/tr>\n<tr>\n<td>\u00a0<\/td>\n<td>\u00a0<\/td>\n<\/tr>\n<tr>\n<td>\n<p style=\"margin: 0cm;\">\u00a0<\/p>\n<p style=\"margin: 0cm;\">\u00a0<\/p>\n<p style=\"margin: 0cm;\">\u00a0<\/p>\n<\/td>\n<td>\u00a0<\/td>\n<\/tr>\n<\/tbody>\n<\/table>\n<p><!--more--><\/p>\n<p><!--more--><\/p>\n<p><!--more--><\/p>\n\n\n<p><\/p>\n","protected":false},"excerpt":{"rendered":"<p>Klub sportovn\u00edho tance Swing Krom\u011b\u0159\u00ed\u017e, z.s. s\u00eddlo: P\u0159\u00ed\u010dn\u00e1 151, Krom\u011b\u0159\u00ed\u017e, 767 01I\u010c: 22850571Tel.: 777 091 734, 777 091 735 ID DS: vj3p5j5 Tane\u010dn\u00ed studio ORLOVNA &hellip; <\/p>\n","protected":false},"author":1,"featured_media":0,"parent":0,"menu_order":0,"comment_status":"closed","ping_status":"open","template":"","meta":[],"_links":{"self":[{"href":"https:\/\/www.kstswing.cz\/index.php?rest_route=\/wp\/v2\/pages\/2"}],"collection":[{"href":"https:\/\/www.kstswing.cz\/index.php?rest_route=\/wp\/v2\/pages"}],"about":[{"href":"https:\/\/www.kstswing.cz\/index.php?rest_route=\/wp\/v2\/types\/page"}],"author":[{"embeddable":true,"href":"https:\/\/www.kstswing.cz\/index.php?rest_route=\/wp\/v2\/users\/1"}],"replies":[{"embeddable":true,"href":"https:\/\/www.kstswing.cz\/index.php?rest_route=%2Fwp%2Fv2%2Fcomments&post=2"}],"version-history":[{"count":77,"href":"https:\/\/www.kstswing.cz\/index.php?rest_route=\/wp\/v2\/pages\/2\/revisions"}],"predecessor-version":[{"id":4206,"href":"https:\/\/www.kstswing.cz\/index.php?rest_route=\/wp\/v2\/pages\/2\/revisions\/4206"}],"wp:attachment":[{"href":"https:\/\/www.kstswing.cz\/index.php?rest_route=%2Fwp%2Fv2%2Fmedia&parent=2"}],"curies":[{"name":"wp","href":"https:\/\/api.w.org\/{rel}","templated":true}]}}