{"id":1970,"date":"2018-02-16T13:47:16","date_gmt":"2018-02-16T12:47:16","guid":{"rendered":"http:\/\/www.kstswing.cz\/?page_id=1970"},"modified":"2026-01-29T13:12:16","modified_gmt":"2026-01-29T12:12:16","slug":"partneri","status":"publish","type":"page","link":"https:\/\/www.kstswing.cz\/?page_id=1970","title":{"rendered":"Partne\u0159i"},"content":{"rendered":"\n<p class=\"has-black-color has-text-color\"><strong>Provoz a \u010dinnost spolku je finan\u010dn\u011b podporov\u00e1na zejm. m\u011bstem Krom\u011b\u0159\u00ed\u017e, Zl\u00ednsk\u00fdm krajem a\u00a0N\u00e1rodn\u00ed sportovn\u00ed agenturou. D\u011bkujeme za podporu!<\/strong><\/p>\n\n\n\n<p><\/p>\n\n\n<p><a href=\"http:\/\/www.kstswing.cz\/wp-content\/uploads\/2022\/09\/cz-zk.jpg\"><img loading=\"lazy\" class=\"alignnone size-medium wp-image-3399\" src=\"http:\/\/www.kstswing.cz\/wp-content\/uploads\/2022\/09\/cz-zk-300x122.jpg\" alt=\"\" width=\"300\" height=\"122\" srcset=\"https:\/\/www.kstswing.cz\/wp-content\/uploads\/2022\/09\/cz-zk-300x122.jpg 300w, https:\/\/www.kstswing.cz\/wp-content\/uploads\/2022\/09\/cz-zk-1024x415.jpg 1024w, https:\/\/www.kstswing.cz\/wp-content\/uploads\/2022\/09\/cz-zk-768x312.jpg 768w, https:\/\/www.kstswing.cz\/wp-content\/uploads\/2022\/09\/cz-zk-148x60.jpg 148w, https:\/\/www.kstswing.cz\/wp-content\/uploads\/2022\/09\/cz-zk.jpg 1171w\" sizes=\"(max-width: 300px) 100vw, 300px\" \/><\/a><a href=\"https:\/\/agenturasport.cz\/\"><img loading=\"lazy\" class=\"alignnone size-full wp-image-2695\" src=\"http:\/\/www.kstswing.cz\/wp-content\/uploads\/2021\/04\/nsa.png\" alt=\"\" width=\"193\" height=\"80\" srcset=\"https:\/\/www.kstswing.cz\/wp-content\/uploads\/2021\/04\/nsa.png 193w, https:\/\/www.kstswing.cz\/wp-content\/uploads\/2021\/04\/nsa-145x60.png 145w\" sizes=\"(max-width: 193px) 100vw, 193px\" \/><\/a><a href=\"http:\/\/www.msmt.cz\/\" target=\"_blank\" rel=\"noopener noreferrer\"> &nbsp; &nbsp; &nbsp; &nbsp;<\/a><a href=\"http:\/\/www.mesto-kromeriz.cz\/\" target=\"_blank\" rel=\"noopener noreferrer\"><img loading=\"lazy\" class=\"alignnone wp-image-1977\" src=\"http:\/\/www.kstswing.cz\/wp-content\/uploads\/2018\/02\/logo-m\u011bsta-KM-z\u00e1kladn\u00ed-CMYK.png\" alt=\"logo-m\u011bsta-KM-z\u00e1kladn\u00ed-CMYK\" width=\"303\" height=\"86\" srcset=\"https:\/\/www.kstswing.cz\/wp-content\/uploads\/2018\/02\/logo-m\u011bsta-KM-z\u00e1kladn\u00ed-CMYK.png 492w, https:\/\/www.kstswing.cz\/wp-content\/uploads\/2018\/02\/logo-m\u011bsta-KM-z\u00e1kladn\u00ed-CMYK-300x85.png 300w\" sizes=\"(max-width: 303px) 100vw, 303px\" \/><\/a><\/p>\n<p><a href=\"http:\/\/www.ekkl.cz\/\" target=\"_blank\" rel=\"noopener noreferrer\"> &nbsp; <\/a><a href=\"http:\/\/www.ekm.cz\" target=\"_blank\" rel=\"noopener noreferrer\">&nbsp; &nbsp;<\/a><a href=\"http:\/\/www.obalprint.cz\/\" target=\"_blank\" rel=\"noopener noreferrer\">&nbsp; &nbsp;<img loading=\"lazy\" class=\"alignnone wp-image-2053\" src=\"http:\/\/www.kstswing.cz\/wp-content\/uploads\/2018\/02\/obal_print_logo.png\" alt=\"obal_print_logo\" width=\"78\" height=\"99\"\/><\/a><a href=\"https:\/\/www.vitar.cz\/\" target=\"_blank\" rel=\"noopener noreferrer\">&nbsp;&nbsp; <img loading=\"lazy\" class=\"alignnone wp-image-2061\" src=\"http:\/\/www.kstswing.cz\/wp-content\/uploads\/2018\/02\/vitar_logo.png\" alt=\"vitar_logo\" width=\"109\" height=\"109\" srcset=\"https:\/\/www.kstswing.cz\/wp-content\/uploads\/2018\/02\/vitar_logo.png 200w, https:\/\/www.kstswing.cz\/wp-content\/uploads\/2018\/02\/vitar_logo-150x150.png 150w\" sizes=\"(max-width: 109px) 100vw, 109px\" \/> <\/a><a href=\"http:\/\/www.csts.cz\/\" target=\"_blank\" rel=\"noopener noreferrer\"><img loading=\"lazy\" class=\"alignnone wp-image-2046\" src=\"http:\/\/www.kstswing.cz\/wp-content\/uploads\/2018\/02\/logo1CMYK.jpg\" alt=\"logo1CMYK\" width=\"166\" height=\"160\" srcset=\"https:\/\/www.kstswing.cz\/wp-content\/uploads\/2018\/02\/logo1CMYK.jpg 2071w, https:\/\/www.kstswing.cz\/wp-content\/uploads\/2018\/02\/logo1CMYK-300x289.jpg 300w, https:\/\/www.kstswing.cz\/wp-content\/uploads\/2018\/02\/logo1CMYK-768x739.jpg 768w, https:\/\/www.kstswing.cz\/wp-content\/uploads\/2018\/02\/logo1CMYK-1024x985.jpg 1024w\" sizes=\"(max-width: 166px) 100vw, 166px\" \/><\/a><a href=\"https:\/\/www.vak-km.cz\/\" target=\"_blank\" rel=\"noopener noreferrer\"><img loading=\"lazy\" class=\"alignnone wp-image-2697 \" src=\"http:\/\/www.kstswing.cz\/wp-content\/uploads\/2021\/04\/vak-300x237.jpg\" alt=\"\" width=\"218\" height=\"172\" srcset=\"https:\/\/www.kstswing.cz\/wp-content\/uploads\/2021\/04\/vak-300x237.jpg 300w, https:\/\/www.kstswing.cz\/wp-content\/uploads\/2021\/04\/vak-76x60.jpg 76w, https:\/\/www.kstswing.cz\/wp-content\/uploads\/2021\/04\/vak.jpg 666w\" sizes=\"(max-width: 218px) 100vw, 218px\" \/><\/a><a href=\"http:\/\/www.tkorion.cz\/\" target=\"_blank\" rel=\"noopener noreferrer\">&nbsp; &nbsp;<\/a><a href=\"http:\/\/www.frutabohemia.cz\/\" target=\"_blank\" rel=\"noopener noreferrer\">&nbsp; &nbsp;<\/a>&nbsp; &nbsp;<a href=\"http:\/\/hgstyle.cz\/\" target=\"_blank\" rel=\"noopener noreferrer\">&nbsp; &nbsp;<\/a><\/p>\n\n\n<figure class=\"wp-block-gallery columns-0 is-cropped\"><ul class=\"blocks-gallery-grid\"><\/ul><\/figure>\n\n\n\n<figure class=\"wp-block-image size-large is-resized\"><a href=\"https:\/\/lafresca.cz\/cs\"><img loading=\"lazy\" src=\"https:\/\/www.kstswing.cz\/wp-content\/uploads\/2024\/01\/worker01_23_logo-20web_896-1-769x1024.png\" alt=\"\" class=\"wp-image-3972\" width=\"192\" height=\"256\" srcset=\"https:\/\/www.kstswing.cz\/wp-content\/uploads\/2024\/01\/worker01_23_logo-20web_896-1-769x1024.png 769w, https:\/\/www.kstswing.cz\/wp-content\/uploads\/2024\/01\/worker01_23_logo-20web_896-1-225x300.png 225w, https:\/\/www.kstswing.cz\/wp-content\/uploads\/2024\/01\/worker01_23_logo-20web_896-1-768x1023.png 768w, https:\/\/www.kstswing.cz\/wp-content\/uploads\/2024\/01\/worker01_23_logo-20web_896-1-45x60.png 45w, https:\/\/www.kstswing.cz\/wp-content\/uploads\/2024\/01\/worker01_23_logo-20web_896-1.png 811w\" sizes=\"(max-width: 192px) 100vw, 192px\" \/><\/a><\/figure>\n\n\n\n<figure class=\"wp-block-image size-large\"><a href=\"https:\/\/vinarstvivydarily.cz\/\"><img loading=\"lazy\" width=\"300\" height=\"300\" src=\"https:\/\/www.kstswing.cz\/wp-content\/uploads\/2024\/01\/Vydarily_logo_1.png\" alt=\"\" class=\"wp-image-3975\" srcset=\"https:\/\/www.kstswing.cz\/wp-content\/uploads\/2024\/01\/Vydarily_logo_1.png 300w, https:\/\/www.kstswing.cz\/wp-content\/uploads\/2024\/01\/Vydarily_logo_1-150x150.png 150w, https:\/\/www.kstswing.cz\/wp-content\/uploads\/2024\/01\/Vydarily_logo_1-60x60.png 60w\" sizes=\"(max-width: 300px) 100vw, 300px\" \/><\/a><\/figure>\n\n\n\n<p><\/p>\n","protected":false},"excerpt":{"rendered":"<p>Provoz a \u010dinnost spolku je finan\u010dn\u011b podporov\u00e1na zejm. m\u011bstem Krom\u011b\u0159\u00ed\u017e, Zl\u00ednsk\u00fdm krajem a\u00a0N\u00e1rodn\u00ed sportovn\u00ed agenturou. D\u011bkujeme za podporu! &nbsp; &nbsp; &nbsp; &nbsp; &nbsp; &nbsp; &nbsp;&nbsp; &hellip; <\/p>\n","protected":false},"author":3,"featured_media":0,"parent":0,"menu_order":0,"comment_status":"closed","ping_status":"closed","template":"","meta":[],"_links":{"self":[{"href":"https:\/\/www.kstswing.cz\/index.php?rest_route=\/wp\/v2\/pages\/1970"}],"collection":[{"href":"https:\/\/www.kstswing.cz\/index.php?rest_route=\/wp\/v2\/pages"}],"about":[{"href":"https:\/\/www.kstswing.cz\/index.php?rest_route=\/wp\/v2\/types\/page"}],"author":[{"embeddable":true,"href":"https:\/\/www.kstswing.cz\/index.php?rest_route=\/wp\/v2\/users\/3"}],"replies":[{"embeddable":true,"href":"https:\/\/www.kstswing.cz\/index.php?rest_route=%2Fwp%2Fv2%2Fcomments&post=1970"}],"version-history":[{"count":60,"href":"https:\/\/www.kstswing.cz\/index.php?rest_route=\/wp\/v2\/pages\/1970\/revisions"}],"predecessor-version":[{"id":4205,"href":"https:\/\/www.kstswing.cz\/index.php?rest_route=\/wp\/v2\/pages\/1970\/revisions\/4205"}],"wp:attachment":[{"href":"https:\/\/www.kstswing.cz\/index.php?rest_route=%2Fwp%2Fv2%2Fmedia&parent=1970"}],"curies":[{"name":"wp","href":"https:\/\/api.w.org\/{rel}","templated":true}]}}